{"id":95,"date":"2018-10-15T09:14:58","date_gmt":"2018-10-15T07:14:58","guid":{"rendered":"http:\/\/ricambi.simply-winspace.it\/wordpress\/?page_id=95"},"modified":"2024-09-25T11:48:38","modified_gmt":"2024-09-25T09:48:38","slug":"chi-siamo","status":"publish","type":"page","link":"https:\/\/www.ricambi.it\/index.php\/chi-siamo\/","title":{"rendered":"Chi Siamo"},"content":{"rendered":"\n<p style=\"text-align: justify;\">&nbsp;La ns. azienda, nell&#8217;arco di tre generazioni e con diverse ragioni sociali confluite infine nell&#8217;attuale&nbsp;<b>Emmeci Motori e Componenti Srl<\/b>, ha iniziato ad operare nel settore dei ricambi e della componentistica per automezzi, dei motori e delle attrezzature per officina, fin dal lontano 1938.<br><img loading=\"lazy\" decoding=\"async\" class=\"alignleft size-full wp-image-121\" src=\"https:\/\/www.ricambi.it\/wordpress\/wp-content\/uploads\/2019\/04\/776E9789-6EDE-48C1-A442-7B5ABAD2A10B.png\" alt=\"\" width=\"280\" height=\"273\">Attualmente operiamo su tutto il territorio nazionale, nonch\u00e9 in alcuni paesi esteri, con la seriet\u00e0, la competenza e la puntualit\u00e0 che ci hanno sempre contraddistinto.<\/p>\n<p style=\"text-align: justify;\"><b>Emmeci Motori e Componenti Srl&nbsp;<\/b>fornisce abitualmente Aziende Pubbliche di Trasporti Municipali e Regionali nel Lazio, Lombardia, Piemonte, Toscana, Abruzzo, Campania e Sardegna.<\/p>\n<p style=\"text-align: justify;\"><b>Emmeci Motori e Componenti Srl<\/b>&nbsp;\u00e8 stata costituita nel 1986 e si \u00e8 trasferita a Monterotondo Scalo nel 1990. Ha ottenuto la certificazione UNI EN ISO 9001 gi\u00e0 nel 1999 aggiornata in VISION 2000 nel 2003 poi 9001:2008  infine la fase di transizione alla 9001:2015 appena terminata.<\/p>\n<p style=\"text-align: justify;\">La ns. sede,&nbsp;<b>Emmeci Motori e Componenti Srl<\/b>&nbsp;in Via E. Torricelli n.6\/8 ubicata nella Zona Industriale di Monterotondo Scalo si sviluppa su di una superficie di 3.700 mq di cui 1.300 mq coperti.<\/p>\n<div style=\"float:left;text-align: justify;\"><p>MONTEROTONDO SCALO (RM) &#8211; Tel +39.069060441 r.a. &#8211; Fax +39.06.9060443 &#8211;&nbsp;Email: emmeci@ricambi.it<\/p><\/div>\n<div style=\"float:right;text-align:right;border:2px solid #000080;border-radius: 15px;padding: 10px 15px;\"><a href=\"https:\/\/www.ricambi.it\/index.php\/chi-siamo\/note-legali\/\" rel=\"noopener noreferrer\"><IMG SRC=\"https:\/\/www.ricambi.it\/wordpress\/wp-content\/uploads\/2019\/04\/legal-icon.png\" style=\"width:60px;\" \/><strong>NOTE LEGALI<\/strong><\/a><\/div>\n<div style=\"clear: both;\"><\/div>\n<center>\n\n\n\n<figure class=\"wp-block-gallery has-nested-images columns-default is-cropped wp-block-gallery-1 is-layout-flex wp-block-gallery-is-layout-flex\">\n<figure class=\"wp-block-image\"><a href=\"https:\/\/www.ricambi.it\/wordpress\/wp-content\/uploads\/2019\/06\/00.jpg\"><img loading=\"lazy\" decoding=\"async\" width=\"601\" height=\"601\" data-id=\"2164\" src=\"https:\/\/www.ricambi.it\/wordpress\/wp-content\/uploads\/2019\/06\/00.jpg\" alt=\"\" class=\"wp-image-2164\" srcset=\"https:\/\/www.ricambi.it\/wordpress\/wp-content\/uploads\/2019\/06\/00.jpg 601w, https:\/\/www.ricambi.it\/wordpress\/wp-content\/uploads\/2019\/06\/00-150x150.jpg 150w, https:\/\/www.ricambi.it\/wordpress\/wp-content\/uploads\/2019\/06\/00-300x300.jpg 300w\" sizes=\"auto, (max-width: 601px) 100vw, 601px\" \/><\/a><\/figure>\n\n\n\n<figure class=\"wp-block-image\"><a href=\"https:\/\/www.ricambi.it\/wordpress\/wp-content\/uploads\/2019\/04\/776E9789-6EDE-48C1-A442-7B5ABAD2A10B.png\"><img loading=\"lazy\" decoding=\"async\" width=\"640\" height=\"640\" data-id=\"621\" src=\"https:\/\/www.ricambi.it\/wordpress\/wp-content\/uploads\/2019\/04\/776E9789-6EDE-48C1-A442-7B5ABAD2A10B.png\" alt=\"\" class=\"wp-image-621\" srcset=\"https:\/\/www.ricambi.it\/wordpress\/wp-content\/uploads\/2019\/04\/776E9789-6EDE-48C1-A442-7B5ABAD2A10B.png 640w, https:\/\/www.ricambi.it\/wordpress\/wp-content\/uploads\/2019\/04\/776E9789-6EDE-48C1-A442-7B5ABAD2A10B-150x150.png 150w, https:\/\/www.ricambi.it\/wordpress\/wp-content\/uploads\/2019\/04\/776E9789-6EDE-48C1-A442-7B5ABAD2A10B-300x300.png 300w\" sizes=\"auto, (max-width: 640px) 100vw, 640px\" \/><\/a><\/figure>\n\n\n\n<figure class=\"wp-block-image\"><a href=\"https:\/\/www.ricambi.it\/wordpress\/wp-content\/uploads\/2019\/04\/46498966_1880462838733186_2737138960743530496_o.jpg\"><img loading=\"lazy\" decoding=\"async\" width=\"1024\" height=\"768\" data-id=\"619\" src=\"https:\/\/www.ricambi.it\/wordpress\/wp-content\/uploads\/2019\/04\/46498966_1880462838733186_2737138960743530496_o-1024x768.jpg\" alt=\"\" class=\"wp-image-619\" srcset=\"https:\/\/www.ricambi.it\/wordpress\/wp-content\/uploads\/2019\/04\/46498966_1880462838733186_2737138960743530496_o-1024x768.jpg 1024w, https:\/\/www.ricambi.it\/wordpress\/wp-content\/uploads\/2019\/04\/46498966_1880462838733186_2737138960743530496_o-300x225.jpg 300w, https:\/\/www.ricambi.it\/wordpress\/wp-content\/uploads\/2019\/04\/46498966_1880462838733186_2737138960743530496_o-768x576.jpg 768w, https:\/\/www.ricambi.it\/wordpress\/wp-content\/uploads\/2019\/04\/46498966_1880462838733186_2737138960743530496_o.jpg 1600w\" sizes=\"auto, (max-width: 1024px) 100vw, 1024px\" \/><\/a><\/figure>\n\n\n\n<figure class=\"wp-block-image\"><a href=\"https:\/\/www.ricambi.it\/wordpress\/wp-content\/uploads\/2019\/04\/e54f4e78-439e-4044-ae1f-d5272b09c307.jpg\"><img loading=\"lazy\" decoding=\"async\" width=\"1024\" height=\"768\" data-id=\"628\" src=\"https:\/\/www.ricambi.it\/wordpress\/wp-content\/uploads\/2019\/04\/e54f4e78-439e-4044-ae1f-d5272b09c307-1024x768.jpg\" alt=\"\" class=\"wp-image-628\" srcset=\"https:\/\/www.ricambi.it\/wordpress\/wp-content\/uploads\/2019\/04\/e54f4e78-439e-4044-ae1f-d5272b09c307.jpg 1024w, https:\/\/www.ricambi.it\/wordpress\/wp-content\/uploads\/2019\/04\/e54f4e78-439e-4044-ae1f-d5272b09c307-300x225.jpg 300w, https:\/\/www.ricambi.it\/wordpress\/wp-content\/uploads\/2019\/04\/e54f4e78-439e-4044-ae1f-d5272b09c307-768x576.jpg 768w\" sizes=\"auto, (max-width: 1024px) 100vw, 1024px\" \/><\/a><\/figure>\n\n\n\n<figure class=\"wp-block-image\"><a href=\"https:\/\/www.ricambi.it\/wordpress\/wp-content\/uploads\/2019\/04\/58f3c347-0c88-42b0-aaf1-04e9f4f5b317.jpg\"><img loading=\"lazy\" decoding=\"async\" width=\"1024\" height=\"768\" data-id=\"631\" src=\"https:\/\/www.ricambi.it\/wordpress\/wp-content\/uploads\/2019\/04\/58f3c347-0c88-42b0-aaf1-04e9f4f5b317-1024x768.jpg\" alt=\"\" class=\"wp-image-631\" srcset=\"https:\/\/www.ricambi.it\/wordpress\/wp-content\/uploads\/2019\/04\/58f3c347-0c88-42b0-aaf1-04e9f4f5b317.jpg 1024w, https:\/\/www.ricambi.it\/wordpress\/wp-content\/uploads\/2019\/04\/58f3c347-0c88-42b0-aaf1-04e9f4f5b317-300x225.jpg 300w, https:\/\/www.ricambi.it\/wordpress\/wp-content\/uploads\/2019\/04\/58f3c347-0c88-42b0-aaf1-04e9f4f5b317-768x576.jpg 768w\" sizes=\"auto, (max-width: 1024px) 100vw, 1024px\" \/><\/a><\/figure>\n\n\n\n<figure class=\"wp-block-image\"><a href=\"https:\/\/www.ricambi.it\/wordpress\/wp-content\/uploads\/2019\/04\/7826fdbc-0a32-4b04-bb11-229c8996945f.jpg\"><img loading=\"lazy\" decoding=\"async\" width=\"1024\" height=\"768\" data-id=\"632\" src=\"https:\/\/www.ricambi.it\/wordpress\/wp-content\/uploads\/2019\/04\/7826fdbc-0a32-4b04-bb11-229c8996945f-1024x768.jpg\" alt=\"\" class=\"wp-image-632\" srcset=\"https:\/\/www.ricambi.it\/wordpress\/wp-content\/uploads\/2019\/04\/7826fdbc-0a32-4b04-bb11-229c8996945f-1024x768.jpg 1024w, https:\/\/www.ricambi.it\/wordpress\/wp-content\/uploads\/2019\/04\/7826fdbc-0a32-4b04-bb11-229c8996945f-300x225.jpg 300w, https:\/\/www.ricambi.it\/wordpress\/wp-content\/uploads\/2019\/04\/7826fdbc-0a32-4b04-bb11-229c8996945f-768x576.jpg 768w, https:\/\/www.ricambi.it\/wordpress\/wp-content\/uploads\/2019\/04\/7826fdbc-0a32-4b04-bb11-229c8996945f.jpg 1600w\" sizes=\"auto, (max-width: 1024px) 100vw, 1024px\" \/><\/a><\/figure>\n\n\n\n<figure class=\"wp-block-image\"><a href=\"https:\/\/www.ricambi.it\/wordpress\/wp-content\/uploads\/2019\/04\/64153_505530076226476_346030328_n.jpg\"><img loading=\"lazy\" decoding=\"async\" width=\"867\" height=\"650\" data-id=\"620\" src=\"https:\/\/www.ricambi.it\/wordpress\/wp-content\/uploads\/2019\/04\/64153_505530076226476_346030328_n.jpg\" alt=\"\" class=\"wp-image-620\" srcset=\"https:\/\/www.ricambi.it\/wordpress\/wp-content\/uploads\/2019\/04\/64153_505530076226476_346030328_n.jpg 867w, https:\/\/www.ricambi.it\/wordpress\/wp-content\/uploads\/2019\/04\/64153_505530076226476_346030328_n-300x225.jpg 300w, https:\/\/www.ricambi.it\/wordpress\/wp-content\/uploads\/2019\/04\/64153_505530076226476_346030328_n-768x576.jpg 768w\" sizes=\"auto, (max-width: 867px) 100vw, 867px\" \/><\/a><\/figure>\n<\/figure>\n\n\n\n<div style=\"background-color:#FFFFFF;height:3px;width:100%;margin:3px;\"><\/div>\n\n\n\n<div class=\"wp-block-columns has-3-columns is-layout-flex wp-container-core-columns-is-layout-9d6595d7 wp-block-columns-is-layout-flex\">\n<div class=\"wp-block-column is-layout-flow wp-block-column-is-layout-flow\">\n<h3 style=\"text-align:center;color:#000080;border-top:3px solid #000080;\"><strong>CERTIFICAZIONE<\/strong><\/h3>\n\n\n<div class=\"wp-block-image\">\n<figure class=\"aligncenter\"><a href=\"https:\/\/www.ricambi.it\/index.php\/chi-siamo\/certificazione\/\"><img loading=\"lazy\" decoding=\"async\" width=\"140\" height=\"208\" src=\"https:\/\/www.ricambi.it\/wordpress\/wp-content\/uploads\/2018\/10\/140_0_4931234_165178.jpg\" alt=\"\" class=\"wp-image-124\"\/><\/a><\/figure><\/div><\/div>\n\n\n\n<div class=\"wp-block-column is-layout-flow wp-block-column-is-layout-flow\">\n<h3 style=\"text-align:center;color:#000080;border-top:3px solid #000080;\"><strong>ORARIO<\/strong><\/h3>\n\n\n<div class=\"wp-block-image\">\n<figure class=\"aligncenter\"><img loading=\"lazy\" decoding=\"async\" width=\"280\" height=\"199\" src=\"https:\/\/www.ricambi.it\/wordpress\/wp-content\/uploads\/2018\/10\/280_0_4877026_165178.gif\" alt=\"\" class=\"wp-image-125\"\/><\/figure><\/div><\/div>\n\n\n\n<div class=\"wp-block-column is-layout-flow wp-block-column-is-layout-flow\">\n<h3 style=\"text-align:center;color:#000080;border-top:3px solid #000080;\"><strong>POLICY<\/strong><\/h3>\n\n\n\n<figure class=\"wp-block-image\"><a href=\"https:\/\/www.ricambi.it\/index.php\/chi-siamo\/privacy-policy\/\"><img loading=\"lazy\" decoding=\"async\" width=\"500\" height=\"275\" src=\"https:\/\/www.ricambi.it\/wordpress\/wp-content\/uploads\/2019\/04\/cookie.jpg\" alt=\"\" class=\"wp-image-385\" srcset=\"https:\/\/www.ricambi.it\/wordpress\/wp-content\/uploads\/2019\/04\/cookie.jpg 500w, https:\/\/www.ricambi.it\/wordpress\/wp-content\/uploads\/2019\/04\/cookie-300x165.jpg 300w\" sizes=\"auto, (max-width: 500px) 100vw, 500px\" \/><\/a><\/figure>\n<\/div>\n<\/div>\n\n\n\n<div style=\"background-color:#000080;height:3px;width:100%;\"><\/div>\n","protected":false},"excerpt":{"rendered":"<p>&nbsp;La ns. azienda, nell&#8217;arco di tre generazioni e con diverse ragioni sociali confluite infine nell&#8217;attuale&nbsp;Emmeci Motori e Componenti Srl, ha iniziato ad operare nel settore dei ricambi e della componentistica per automezzi, dei motori e delle attrezzature per officina, fin dal lontano 1938.Attualmente operiamo su tutto il territorio nazionale, nonch\u00e9 in alcuni paesi esteri, con [&hellip;]<\/p>\n","protected":false},"author":1,"featured_media":0,"parent":0,"menu_order":0,"comment_status":"closed","ping_status":"closed","template":"fullwidth.php","meta":{"footnotes":""},"class_list":["post-95","page","type-page","status-publish","hentry"],"_links":{"self":[{"href":"https:\/\/www.ricambi.it\/index.php\/wp-json\/wp\/v2\/pages\/95","targetHints":{"allow":["GET"]}}],"collection":[{"href":"https:\/\/www.ricambi.it\/index.php\/wp-json\/wp\/v2\/pages"}],"about":[{"href":"https:\/\/www.ricambi.it\/index.php\/wp-json\/wp\/v2\/types\/page"}],"author":[{"embeddable":true,"href":"https:\/\/www.ricambi.it\/index.php\/wp-json\/wp\/v2\/users\/1"}],"replies":[{"embeddable":true,"href":"https:\/\/www.ricambi.it\/index.php\/wp-json\/wp\/v2\/comments?post=95"}],"version-history":[{"count":0,"href":"https:\/\/www.ricambi.it\/index.php\/wp-json\/wp\/v2\/pages\/95\/revisions"}],"wp:attachment":[{"href":"https:\/\/www.ricambi.it\/index.php\/wp-json\/wp\/v2\/media?parent=95"}],"curies":[{"name":"wp","href":"https:\/\/api.w.org\/{rel}","templated":true}]}}